{"id":14,"date":"2014-11-25T12:52:58","date_gmt":"2014-11-25T10:52:58","guid":{"rendered":"http:\/\/mp-management.org\/?page_id=14"},"modified":"2016-10-16T19:18:12","modified_gmt":"2016-10-16T17:18:12","slug":"ueber-uns","status":"publish","type":"page","link":"https:\/\/mp-management.org\/?page_id=14","title":{"rendered":"\u00dcber Uns"},"content":{"rendered":"<h2 style=\"text-align: center;\">MP Managment<\/h2>\n<p class=\"p1\" style=\"text-align: center;\">1999 wurde MP-Management von Marek Meyer und Florian Pongs gegr\u00fcndet, um die Alben der Beginner und deren Soloprojekte zu betreuen.<\/p>\n<p class=\"p1\" style=\"text-align: center;\">Mit der Zeit w\u00e4chst der K\u00fcnstlerstamm und auch die Projekte. \u00dcber Festivals, wie das Hamburg Nokia ImPort ,\u00fcber Fernsehserien wie Cover my Song, bis hin zu Fashionshows f\u00fcr Frontlineshop, hat MP im Laufe der Jahre alle Facetten der Musik betreut, beraten, organisiert und umgesetzt.<\/p>\n<p class=\"p1\" style=\"text-align: center;\">So arbeitete und arbeitet \u00a0MP f\u00fcr K\u00fcnstler, wie Beginner, Boys Noize, Denyo, Jan Delay, kiD Alex, Nico Suave, MoTrip, BLITZKIDS mvt., Julian Sengelmann, CHEFBOSS&#8230;<\/p>\n<p class=\"p1\" style=\"text-align: center;\">Und hat zahlreiche Markenkooperationen begleitet und umgesetzt, wie f\u00fcr Alfa Romeo, NOKIA, Coca-Cola, Red Bull, Absolut, Mercedes-Benz, AUDI, VW, Nike, Sennheiser, Peugeot, H&amp;M etc&#8230;<\/p>\n<p style=\"text-align: center;\"><a href=\"http:\/\/mp-management.org\/wp-content\/uploads\/2015\/04\/MpManagementWEB-2-Florian-250.jpg\"><img loading=\"lazy\" width=\"200\" height=\"300\" class=\"alignnone size-medium wp-image-363\" src=\"http:\/\/mp-management.org\/wp-content\/uploads\/2015\/04\/MpManagementWEB-2-Florian-250-200x300.jpg\" alt=\"MpManagementWEB-2-Florian-250\" srcset=\"https:\/\/mp-management.org\/wp-content\/uploads\/2015\/04\/MpManagementWEB-2-Florian-250-200x300.jpg 200w, https:\/\/mp-management.org\/wp-content\/uploads\/2015\/04\/MpManagementWEB-2-Florian-250.jpg 250w\" sizes=\"(max-width: 200px) 100vw, 200px\" \/><\/a><br \/>\n<a class=\"avatar_text\">Florian Pongs, Gesch\u00e4ftsf\u00fchrer<\/a><\/p>\n","protected":false},"excerpt":{"rendered":"<p>MP Managment 1999 wurde MP-Management von Marek Meyer und Florian Pongs gegr\u00fcndet, um die Alben der Beginner und deren Soloprojekte zu betreuen. Mit der Zeit w\u00e4chst der K\u00fcnstlerstamm und auch die Projekte. \u00dcber Festivals, wie das Hamburg Nokia ImPort ,\u00fcber Fernsehserien wie Cover my Song, bis hin zu Fashionshows f\u00fcr Frontlineshop, hat MP im Laufe [&hellip;]<\/p>\n","protected":false},"author":1,"featured_media":0,"parent":0,"menu_order":0,"comment_status":"open","ping_status":"open","template":"","meta":[],"acf":[],"_links":{"self":[{"href":"https:\/\/mp-management.org\/index.php?rest_route=\/wp\/v2\/pages\/14"}],"collection":[{"href":"https:\/\/mp-management.org\/index.php?rest_route=\/wp\/v2\/pages"}],"about":[{"href":"https:\/\/mp-management.org\/index.php?rest_route=\/wp\/v2\/types\/page"}],"author":[{"embeddable":true,"href":"https:\/\/mp-management.org\/index.php?rest_route=\/wp\/v2\/users\/1"}],"replies":[{"embeddable":true,"href":"https:\/\/mp-management.org\/index.php?rest_route=%2Fwp%2Fv2%2Fcomments&post=14"}],"version-history":[{"count":73,"href":"https:\/\/mp-management.org\/index.php?rest_route=\/wp\/v2\/pages\/14\/revisions"}],"predecessor-version":[{"id":438,"href":"https:\/\/mp-management.org\/index.php?rest_route=\/wp\/v2\/pages\/14\/revisions\/438"}],"wp:attachment":[{"href":"https:\/\/mp-management.org\/index.php?rest_route=%2Fwp%2Fv2%2Fmedia&parent=14"}],"curies":[{"name":"wp","href":"https:\/\/api.w.org\/{rel}","templated":true}]}}