{"id":408,"date":"2015-07-07T13:07:26","date_gmt":"2015-07-07T11:07:26","guid":{"rendered":"http:\/\/mp-management.org\/?page_id=408"},"modified":"2015-07-07T14:50:21","modified_gmt":"2015-07-07T12:50:21","slug":"liedfett","status":"publish","type":"page","link":"https:\/\/mp-management.org\/?page_id=408","title":{"rendered":"Liedfett"},"content":{"rendered":"<p><strong>LIEDFETT aus Hamburg &#8211; Liedermachings Lieblingsk\u00f6che<\/strong><br \/>\nDas hanseatische Trio Liedfett liefern live wie auf Tontr\u00e4ger die besten Rezepte zum Nachsingen f\u00fcr den musikalischen Unplugged-Underground.<br \/>\n<strong>Das neueste Rezept:<\/strong><br \/>\nLiedfetts am 05.04.13 erschienendes Album \u201eKlarkomm\u201c!<br \/>\n<strong>Das Ergebnis:<\/strong><br \/>\nKulinarische Ohrenweiden und Kalorienverbrauch dank Tanzlust. Gerne einen Nachschlag!<\/p>\n<p><strong>LIEDFETT &#8211; Liedermaching Untergrund hausgemacht!<\/strong><br \/>\nSoviel d\u00fcrfte klar sein: Wo Liedfett spielt, werden Kalorien verbraucht! Liedermaching in Sch\u00f6nstform!<\/p>\n<p>Das 2007 gegr\u00fcndete Hamburger Trio eroberte binnen kurzer Zeit die Herzen und Ohren des gesamten Unplugged-Undergrounds. Durchaus berechtigt, denn Lucas, \u201eSprinder\u201c und Philipp entern die B\u00fchnen und sprengen selbst kleinb\u00fcrgerlichste Horizonte der euphorischen H\u00f6rerschaft:<\/p>\n<p>Lieder zwischen Revolution und Alltag, kein Thema zu komplex, kein Moment ohne Verz\u00fcckung. Ob es in ihren Songs um Liebe, Leber oder Lifestyle geht, vom Kater bis zur blinden Kuh &#8211; alles ist erlaubt, solange es echt bleibt. For real, quasi.<\/p>\n<p>Die Band gibt den Takt vor und der Club swingt mit. Sei es Punk oder Pop &#8211; musikalische Grenzen werden gesprengt und neu definiert. Ignoranz war gestern, heute ist Liedfett! Das bedeutet: Cajon, Gitarre und Gesang erzeugen melodi\u00f6se Juwelen von ewigem Glanze.<\/p>\n<p>Etwas weniger Pathos? Bittesch\u00f6n: Liedfett schaffen mit minimalen Mitteln v\u00f6llig unverkrampft das, wovon zahllose popkulturelle Gro\u00dforchester stets erfolglos tr\u00e4umen werden: Abwechslung und exquisites Entertainment.<\/p>\n<p><strong>Die Folge: Anklang durch Wohlklang!<\/strong><\/p>\n<p>Die rasant wachsende Fangemeinde ist nur ein Beispiel f\u00fcr obige Thesen. Bereits mit ihrer ersten EP \u201eADS-Kinder\u201c sorgten sie mit gefeierten Auftritten auf vielen gro\u00dfen Festivals wie dem Donauinselfest, dem Deichbrand oder dem Area 4 f\u00fcr Furore und Freude und begeisterten auch die Legion Technoj\u00fcnger auf dem Fusion-Festival vom Unlpugged-Style..<\/p>\n<p>2011 haben die Gewinner des \u201eHamburg Rockt\u201c-Contests ihr erstes Deb\u00fct-Album \u201eKochbuch\u201c ver\u00f6ffentlicht und beweisen mit 15 frischen Rezepten zur kreativen Akkordarbeit einmal mehr, dass Liedfett ihren Pfad vom Liedermaching-Untergrund zum Songwriter-Olymp ein gutes St\u00fcck vorangeschritten sind.<\/p>\n<p>Und so soll es nahtlos weitergehen:<br \/>\nAm 05.04.2013 erscheint ihr neues Album \u201eKlarkomm\u201c via ferryhouse\/Warner und wird voraussichtlich auch die letzten Skeptiker davon \u00fcberzeugen, dass die fetten Jahre jetzt kommen.<\/p>\n<p>Logisch: Liedfett erschaffen mit ihrem musikalischen Gleitfilm die perfekte Voraussetzung f\u00fcr eine Rutschpartie entgegen aller Physik: Der Weg f\u00fchrt nach oben. Doch er bleibt naturbelassen. Liedfett eben.<br \/>\n(Tottovic Kalk\u00fcl, \u201eMonsters of Liedermaching\u201c)<\/p>\n<p>&nbsp;<\/p>\n","protected":false},"excerpt":{"rendered":"<p>LIEDFETT aus Hamburg &#8211; Liedermachings Lieblingsk\u00f6che Das hanseatische Trio Liedfett liefern live wie auf Tontr\u00e4ger die besten Rezepte zum Nachsingen f\u00fcr den musikalischen Unplugged-Underground. Das neueste Rezept: Liedfetts am 05.04.13 erschienendes Album \u201eKlarkomm\u201c! Das Ergebnis: Kulinarische Ohrenweiden und Kalorienverbrauch dank Tanzlust. Gerne einen Nachschlag! LIEDFETT &#8211; Liedermaching Untergrund hausgemacht! Soviel d\u00fcrfte klar sein: Wo Liedfett [&hellip;]<\/p>\n","protected":false},"author":3,"featured_media":412,"parent":12,"menu_order":0,"comment_status":"open","ping_status":"open","template":"artist.php","meta":[],"acf":[],"_links":{"self":[{"href":"https:\/\/mp-management.org\/index.php?rest_route=\/wp\/v2\/pages\/408"}],"collection":[{"href":"https:\/\/mp-management.org\/index.php?rest_route=\/wp\/v2\/pages"}],"about":[{"href":"https:\/\/mp-management.org\/index.php?rest_route=\/wp\/v2\/types\/page"}],"author":[{"embeddable":true,"href":"https:\/\/mp-management.org\/index.php?rest_route=\/wp\/v2\/users\/3"}],"replies":[{"embeddable":true,"href":"https:\/\/mp-management.org\/index.php?rest_route=%2Fwp%2Fv2%2Fcomments&post=408"}],"version-history":[{"count":3,"href":"https:\/\/mp-management.org\/index.php?rest_route=\/wp\/v2\/pages\/408\/revisions"}],"predecessor-version":[{"id":411,"href":"https:\/\/mp-management.org\/index.php?rest_route=\/wp\/v2\/pages\/408\/revisions\/411"}],"up":[{"embeddable":true,"href":"https:\/\/mp-management.org\/index.php?rest_route=\/wp\/v2\/pages\/12"}],"wp:featuredmedia":[{"embeddable":true,"href":"https:\/\/mp-management.org\/index.php?rest_route=\/wp\/v2\/media\/412"}],"wp:attachment":[{"href":"https:\/\/mp-management.org\/index.php?rest_route=%2Fwp%2Fv2%2Fmedia&parent=408"}],"curies":[{"name":"wp","href":"https:\/\/api.w.org\/{rel}","templated":true}]}}