{"id":49,"date":"2014-11-25T14:35:13","date_gmt":"2014-11-25T12:35:13","guid":{"rendered":"http:\/\/mp-management.org\/?page_id=49"},"modified":"2015-01-26T13:22:32","modified_gmt":"2015-01-26T11:22:32","slug":"dj-saint-one-2","status":"publish","type":"page","link":"https:\/\/mp-management.org\/?page_id=49","title":{"rendered":"DJ SAINT ONE"},"content":{"rendered":"<h1 style=\"text-align: left;\">DJ SAINT ONE<\/h1>\n<p>Einer der j\u00fcngsten DJs Hamburgs.<br \/>\nMit selbst gebautem Remix-Shit reist er in Clubs, auf Festivals und cornert auch gerne mal mit seinen Jungs -\u201eRootskool Crew\u201c- auf der Strasse.<br \/>\nEgal ob funky Beats, Hip Hop, Boom Bap oder TrapBretter, alles wei\u00df Saint One mit saftigen Scratches zu mixen.<br \/>\nUnterwegs als DJ von Samy Deluxe durfte er bereits seine Gef\u00fchle zu Hip Hop, sein Wissen zur Musik und seine F\u00e4higkeiten als Live DJ unter Beweis stellen.<br \/>\nIts not just dj-ing, its a lifestyle !<br \/>\nWhickedey Waaww&#8230;<\/p>\n<p>&nbsp;<\/p>\n<p>Es gibt viele die meinen sie seien begabt, jedoch nur einen der sich wahrhaftig den Heiligen nennen darf. DJ Saint One, in dessen Adern Alsterwasser blubbert, die immer gut gelaunte Grinsebacke aus Hamburg City, hat sich diesen Status redlich verdient. Gelernt bei der alten Schule, gepr\u00e4gt von der neuen und die Zukunft im Auge mit seiner Rootskool Clique, hat Saint Wizzle einen beachtlichen Werdegang hingelegt, der nur von seiner Liebe zum perfekten Sound \u00fcbertroffen wird. Nach Jahren im Dachst\u00fcbchen von Mutti, auf den Stra\u00dfen von St.Pauli &amp; unter den Wolken vom Eimsbush entwickelte der l\u00e4ssige Lockenkopf seinen eigenen, einzigartigen Style. Funky, harmonisch, intensiv, immer mit einem dreckigen Zwinkern, he likes it raaaaw. In Hamburg jeden noch so standfesten Club abgerissen, hat er seinen Crossover Sound aus Hip-Hop, Boom Bap, Future Beats, Trap &amp; allerhand dazwischen \u00fcber die Elbe hinaus getragen und erfolgreich markiert, wie der Vibe weht. Mit 23 als Norddeutscher-Vize beim Red Bull Threestyle schon f\u00fcr Furore sorgend, hat der Mittlerweile 25 J\u00e4hrige 2014 die Aufmerksamkeit keines Geringeren als Samy Deluxe auf sich gezogen, der ihn prompt nach einer Nacht mit Saint One an den 1210ern mit auf Tour nahm. Ruhe und Erholung vom aufregenden Tourleben gibt\u2019s f\u00fcr Saint am Drumcomputer und den ersten Schritten in Richtung wahrhaftig eigenem Sound.<\/p>\n<p>To be continued<\/p>\n","protected":false},"excerpt":{"rendered":"<p>DJ SAINT ONE Einer der j\u00fcngsten DJs Hamburgs. Mit selbst gebautem Remix-Shit reist er in Clubs, auf Festivals und cornert auch gerne mal mit seinen Jungs -\u201eRootskool Crew\u201c- auf der Strasse. Egal ob funky Beats, Hip Hop, Boom Bap oder TrapBretter, alles wei\u00df Saint One mit saftigen Scratches zu mixen. Unterwegs als DJ von Samy [&hellip;]<\/p>\n","protected":false},"author":1,"featured_media":120,"parent":12,"menu_order":0,"comment_status":"open","ping_status":"open","template":"artist.php","meta":[],"acf":[],"_links":{"self":[{"href":"https:\/\/mp-management.org\/index.php?rest_route=\/wp\/v2\/pages\/49"}],"collection":[{"href":"https:\/\/mp-management.org\/index.php?rest_route=\/wp\/v2\/pages"}],"about":[{"href":"https:\/\/mp-management.org\/index.php?rest_route=\/wp\/v2\/types\/page"}],"author":[{"embeddable":true,"href":"https:\/\/mp-management.org\/index.php?rest_route=\/wp\/v2\/users\/1"}],"replies":[{"embeddable":true,"href":"https:\/\/mp-management.org\/index.php?rest_route=%2Fwp%2Fv2%2Fcomments&post=49"}],"version-history":[{"count":8,"href":"https:\/\/mp-management.org\/index.php?rest_route=\/wp\/v2\/pages\/49\/revisions"}],"predecessor-version":[{"id":350,"href":"https:\/\/mp-management.org\/index.php?rest_route=\/wp\/v2\/pages\/49\/revisions\/350"}],"up":[{"embeddable":true,"href":"https:\/\/mp-management.org\/index.php?rest_route=\/wp\/v2\/pages\/12"}],"wp:featuredmedia":[{"embeddable":true,"href":"https:\/\/mp-management.org\/index.php?rest_route=\/wp\/v2\/media\/120"}],"wp:attachment":[{"href":"https:\/\/mp-management.org\/index.php?rest_route=%2Fwp%2Fv2%2Fmedia&parent=49"}],"curies":[{"name":"wp","href":"https:\/\/api.w.org\/{rel}","templated":true}]}}