{"id":61,"date":"2014-11-25T14:36:18","date_gmt":"2014-11-25T12:36:18","guid":{"rendered":"http:\/\/mp-management.org\/?page_id=61"},"modified":"2015-04-14T13:27:53","modified_gmt":"2015-04-14T11:27:53","slug":"sinch","status":"publish","type":"page","link":"https:\/\/mp-management.org\/?page_id=61","title":{"rendered":"Sinch"},"content":{"rendered":"<h1 style=\"text-align: left;\"><strong>SiNCH<\/strong><\/h1>\n<p>SiNCH macht Musik.<\/p>\n<p>In Sao Paolo geboren, konnte er wahrscheinlich auch gar nicht anders als mit der Liebe zu tanzbaren Rhythmen und einem besonderen Gesp\u00fcr f\u00fcr Musik aufzuwachsen.<\/p>\n<p>Und im Hamburg der ausgehenden 90er Jahre gro\u00df geworden, konnte er wahrscheinlich nicht anders als mit der Liebe zu HipHop anzub\u00e4ndeln. Beides l\u00e4sst ihn bis heute nicht los: Musik in jeder Form und HipHop im Speziellen. Gepr\u00e4gt von deutschem Rap\/HipHop und fr\u00fch fasziniert von dessen Produktion, beschloss SiNCH schnell, sich selbst als Produzent auszuprobieren: \u00a0zuerst zusammen mit iLLo the Shit, \u2028sp\u00e4ter dann als Produzent f\u00fcr Deluxe Records. Aber musikverliebt wollte er schnell mehr als HipHop und Attit\u00fcde. Und das war gut so, denn seitdem saugt SiNCH gute Musik auf wie ein Schwamm und setzt sie selber um: von Pop \u00fcber R\u2019n\u2019B, \u2028Sportclips und Sounddesign, bis hin zu Werbejingles und Filmmusik.<\/p>\n<p>Mittlerweile hat SiNCH ein eigenes Studio in Hamburg, produziert in allen Segmenten f\u00fcr alles, was Rang und Namen hat und hat \u2013 vielleicht noch viel wichtiger \u2013 \u2028seinen Produktionspartner gefunden, mit denen er nahezu alles m\u00f6glich machen kann: Victor Flowers, Produzent, Muisker und S\u00e4nger,\u2028der in den Vereinigten Staaten schon Produktionen f\u00fcr Alicia Keys, Swizz Beatz, Jay-Z und DMX gemacht hat. Zudem ver\u00f6ffentliche SiNCH zusammen mit Samy Deluxes DJ VITO und Ken Kenay seit einiger Zeit sehr erfolgreich Produktionen unter dem Namen \u201eKiezWG\u201c.<\/p>\n<p>Dass seine Gewissenhaftigkeit und Stilsicherheit im wahrsten Sinne des Wortes ausgezeichnet sind, sieht man nicht zuletzt an seinen Auszeichnungen: Doppelgold und Platin darf SiNCH sein Eigen nennen \u2013 u.a. f\u00fcr das Album \u201eGespaltene Pers\u00f6nlichkeit\u201c von XAVAS und das Soloalbum von Kool Savas \u201eAura\u201c wurde mit mehrmals mit Gold und Platin ausgezeichnet.<\/p>\n<p>SiNCH hat seinen Platz gefunden: in seinem eigenen Studio, mit seinen Produktionspartnern in der sch\u00f6nen neuen Welt der Musik. Und das ist gut so!<\/p>\n<p>&nbsp;<\/p>\n","protected":false},"excerpt":{"rendered":"<p>SiNCH SiNCH macht Musik. In Sao Paolo geboren, konnte er wahrscheinlich auch gar nicht anders als mit der Liebe zu tanzbaren Rhythmen und einem besonderen Gesp\u00fcr f\u00fcr Musik aufzuwachsen. Und im Hamburg der ausgehenden 90er Jahre gro\u00df geworden, konnte er wahrscheinlich nicht anders als mit der Liebe zu HipHop anzub\u00e4ndeln. Beides l\u00e4sst ihn bis heute [&hellip;]<\/p>\n","protected":false},"author":1,"featured_media":268,"parent":12,"menu_order":0,"comment_status":"open","ping_status":"open","template":"artist.php","meta":[],"acf":[],"_links":{"self":[{"href":"https:\/\/mp-management.org\/index.php?rest_route=\/wp\/v2\/pages\/61"}],"collection":[{"href":"https:\/\/mp-management.org\/index.php?rest_route=\/wp\/v2\/pages"}],"about":[{"href":"https:\/\/mp-management.org\/index.php?rest_route=\/wp\/v2\/types\/page"}],"author":[{"embeddable":true,"href":"https:\/\/mp-management.org\/index.php?rest_route=\/wp\/v2\/users\/1"}],"replies":[{"embeddable":true,"href":"https:\/\/mp-management.org\/index.php?rest_route=%2Fwp%2Fv2%2Fcomments&post=61"}],"version-history":[{"count":2,"href":"https:\/\/mp-management.org\/index.php?rest_route=\/wp\/v2\/pages\/61\/revisions"}],"predecessor-version":[{"id":145,"href":"https:\/\/mp-management.org\/index.php?rest_route=\/wp\/v2\/pages\/61\/revisions\/145"}],"up":[{"embeddable":true,"href":"https:\/\/mp-management.org\/index.php?rest_route=\/wp\/v2\/pages\/12"}],"wp:featuredmedia":[{"embeddable":true,"href":"https:\/\/mp-management.org\/index.php?rest_route=\/wp\/v2\/media\/268"}],"wp:attachment":[{"href":"https:\/\/mp-management.org\/index.php?rest_route=%2Fwp%2Fv2%2Fmedia&parent=61"}],"curies":[{"name":"wp","href":"https:\/\/api.w.org\/{rel}","templated":true}]}}